{"id":428,"date":"2021-06-12T23:16:35","date_gmt":"2021-06-13T02:16:35","guid":{"rendered":"http:\/\/vuelaatumanera.com.ar\/?post_type=product&#038;p=428"},"modified":"2023-11-28T14:10:37","modified_gmt":"2023-11-28T17:10:37","slug":"kit-box-regalo-dia-del-padre-edicion-limitada","status":"publish","type":"product","link":"https:\/\/vuelaatumanera.com.ar\/?product=kit-box-regalo-dia-del-padre-edicion-limitada","title":{"rendered":"01-Kit-Box Regalo D\u00eda del Padre Edici\u00f3n Limitada"},"content":{"rendered":"<p>Excelente Regalo para el D\u00eda del Padre!!!<br \/>\nEl kit incluye:<br \/>\n-Perfumina textil de 125ml aroma a elecci\u00f3n Coniglio, Vainilla o Lemon Grass.<br \/>\n-Aromatizante para auto de 10ml en frasco de vidrio y cord\u00f3n para colgar en el espejo retrovisor del auto, mismo aroma que la perfumina seleccionada.<br \/>\n-Franela 40x 40cm.<br \/>\n-Porta celular, motivos varios.<br \/>\n-Barbijo de tela de jeans, colores varios.<br \/>\n-Tarjeta alusiva al D\u00eda del Padre.<br \/>\nTodo en una caja con visor 18 x 22cm.<\/p>\n<p>Todos nuestros productos son de excelente calidad, trabajamos cuidadosamente en su elaboraci\u00f3n y presentaci\u00f3n.<br \/>\nRegala aromas.<br \/>\nVuela a tu manera.<\/p>\n","protected":false},"excerpt":{"rendered":"<p>Box-Kit Regalo D\u00eda del Padre<\/p>\n","protected":false},"featured_media":857,"comment_status":"open","ping_status":"closed","template":"","meta":[],"product_brand":[],"product_cat":[20],"product_tag":[],"class_list":{"0":"post-428","1":"product","2":"type-product","3":"status-publish","4":"has-post-thumbnail","6":"product_cat-combos","8":"first","9":"outofstock","10":"shipping-taxable","11":"purchasable","12":"product-type-simple"},"_links":{"self":[{"href":"https:\/\/vuelaatumanera.com.ar\/index.php?rest_route=\/wp\/v2\/product\/428","targetHints":{"allow":["GET"]}}],"collection":[{"href":"https:\/\/vuelaatumanera.com.ar\/index.php?rest_route=\/wp\/v2\/product"}],"about":[{"href":"https:\/\/vuelaatumanera.com.ar\/index.php?rest_route=\/wp\/v2\/types\/product"}],"replies":[{"embeddable":true,"href":"https:\/\/vuelaatumanera.com.ar\/index.php?rest_route=%2Fwp%2Fv2%2Fcomments&post=428"}],"wp:featuredmedia":[{"embeddable":true,"href":"https:\/\/vuelaatumanera.com.ar\/index.php?rest_route=\/wp\/v2\/media\/857"}],"wp:attachment":[{"href":"https:\/\/vuelaatumanera.com.ar\/index.php?rest_route=%2Fwp%2Fv2%2Fmedia&parent=428"}],"wp:term":[{"taxonomy":"product_brand","embeddable":true,"href":"https:\/\/vuelaatumanera.com.ar\/index.php?rest_route=%2Fwp%2Fv2%2Fproduct_brand&post=428"},{"taxonomy":"product_cat","embeddable":true,"href":"https:\/\/vuelaatumanera.com.ar\/index.php?rest_route=%2Fwp%2Fv2%2Fproduct_cat&post=428"},{"taxonomy":"product_tag","embeddable":true,"href":"https:\/\/vuelaatumanera.com.ar\/index.php?rest_route=%2Fwp%2Fv2%2Fproduct_tag&post=428"}],"curies":[{"name":"wp","href":"https:\/\/api.w.org\/{rel}","templated":true}]}}